{"id":54525,"date":"2023-05-05T16:54:32","date_gmt":"2023-05-05T14:54:32","guid":{"rendered":"https:\/\/victoryposter.com\/product\/mallorca-225\/"},"modified":"2026-04-26T19:54:46","modified_gmt":"2026-04-26T17:54:46","slug":"mallorca-225","status":"publish","type":"product","link":"https:\/\/victoryposter.com\/fr\/produit\/mallorca-225\/","title":{"rendered":"Mallorca 225"},"content":{"rendered":"<div dir=\"auto\">\n<p><strong>Toujours le bon poster!<\/strong>\u00a0Quelle que soit l\u2019\u00e9dition du\u00a0<strong>Mallorca 225 <\/strong>\u00e0 laquelle vous avez particip\u00e9, chez\u00a0<strong>VictoryPoster<\/strong>\u00a0vous recevrez toujours le bon poster avec le parcours que vous avez r\u00e9ellement couru. En coulisses, nous travaillons avec des mod\u00e8les par ann\u00e9e\/\u00e9dition, ce qui nous permet d\u2019offrir cette garantie.<\/p>\n<p>Le Mallorca 225 fait partie de l&#8217;\u00e9v\u00e9nement Mallorca 312.<\/p>\n<\/div>\n<div dir=\"auto\"><\/div>\n","protected":false},"excerpt":{"rendered":"<p>Toujours le bon poster!\u00a0Quelle que soit l\u2019\u00e9dition du\u00a0Mallorca 225 \u00e0 laquelle vous avez particip\u00e9, chez\u00a0VictoryPoster\u00a0vous recevrez toujours le bon poster avec le parcours que vous avez r\u00e9ellement couru. En coulisses, nous travaillons avec des [&hellip;]<\/p>\n","protected":false},"featured_media":39865,"comment_status":"closed","ping_status":"closed","template":"","meta":[],"product_brand":[],"product_cat":[776,774,801],"product_tag":[741,861],"class_list":{"0":"post-54525","1":"product","2":"type-product","3":"status-publish","4":"has-post-thumbnail","6":"product_cat-2-tours-cyclo","7":"product_cat-cycling-fr","8":"product_cat-espagne-fr","9":"product_tag-espagne","10":"product_tag-mallorca-fr","12":"first","13":"instock","14":"taxable","15":"shipping-taxable","16":"purchasable","17":"product-type-variable"},"_links":{"self":[{"href":"https:\/\/victoryposter.com\/fr\/wp-json\/wp\/v2\/product\/54525","targetHints":{"allow":["GET"]}}],"collection":[{"href":"https:\/\/victoryposter.com\/fr\/wp-json\/wp\/v2\/product"}],"about":[{"href":"https:\/\/victoryposter.com\/fr\/wp-json\/wp\/v2\/types\/product"}],"replies":[{"embeddable":true,"href":"https:\/\/victoryposter.com\/fr\/wp-json\/wp\/v2\/comments?post=54525"}],"wp:featuredmedia":[{"embeddable":true,"href":"https:\/\/victoryposter.com\/fr\/wp-json\/wp\/v2\/media\/39865"}],"wp:attachment":[{"href":"https:\/\/victoryposter.com\/fr\/wp-json\/wp\/v2\/media?parent=54525"}],"wp:term":[{"taxonomy":"product_brand","embeddable":true,"href":"https:\/\/victoryposter.com\/fr\/wp-json\/wp\/v2\/product_brand?post=54525"},{"taxonomy":"product_cat","embeddable":true,"href":"https:\/\/victoryposter.com\/fr\/wp-json\/wp\/v2\/product_cat?post=54525"},{"taxonomy":"product_tag","embeddable":true,"href":"https:\/\/victoryposter.com\/fr\/wp-json\/wp\/v2\/product_tag?post=54525"}],"curies":[{"name":"wp","href":"https:\/\/api.w.org\/{rel}","templated":true}]}}