{"id":54060,"date":"2023-04-15T09:02:03","date_gmt":"2023-04-15T07:02:03","guid":{"rendered":"https:\/\/victoryposter.com\/product\/amstel-gold-race-cyclo-100-km\/"},"modified":"2026-04-17T12:53:38","modified_gmt":"2026-04-17T10:53:38","slug":"amstel-gold-race-cyclo-100-km","status":"publish","type":"product","link":"https:\/\/victoryposter.com\/fr\/produit\/amstel-gold-race-cyclo-100-km\/","title":{"rendered":"Amstel Gold Race &#8211; Cyclo 100 KM"},"content":{"rendered":"<p><strong>Toujours le bon poster!<\/strong>\u00a0Quelle que soit l\u2019\u00e9dition du\u00a0<strong>Amstel Gold Race &#8211; Cyclo 100 KM<\/strong>\u00a0\u00e0 laquelle vous avez particip\u00e9, chez\u00a0<strong>VictoryPoster<\/strong>\u00a0vous recevrez toujours le bon poster avec le parcours que vous avez r\u00e9ellement couru. En coulisses, nous travaillons avec des mod\u00e8les par ann\u00e9e\/\u00e9dition, ce qui nous permet d\u2019offrir cette garantie.<\/p>\n","protected":false},"excerpt":{"rendered":"<p>Toujours le bon poster!\u00a0Quelle que soit l\u2019\u00e9dition du\u00a0Amstel Gold Race &#8211; Cyclo 100 KM\u00a0\u00e0 laquelle vous avez particip\u00e9, chez\u00a0VictoryPoster\u00a0vous recevrez toujours le bon poster avec le parcours que vous avez r\u00e9ellement couru. En coulisses, [&hellip;]<\/p>\n","protected":false},"featured_media":54416,"comment_status":"closed","ping_status":"closed","template":"","meta":[],"product_brand":[],"product_cat":[776,797],"product_tag":[739],"class_list":{"0":"post-54060","1":"product","2":"type-product","3":"status-publish","4":"has-post-thumbnail","6":"product_cat-2-tours-cyclo","7":"product_cat-pays-bas-fr","8":"product_tag-les-pays-bas","10":"first","11":"instock","12":"taxable","13":"shipping-taxable","14":"purchasable","15":"product-type-variable"},"_links":{"self":[{"href":"https:\/\/victoryposter.com\/fr\/wp-json\/wp\/v2\/product\/54060","targetHints":{"allow":["GET"]}}],"collection":[{"href":"https:\/\/victoryposter.com\/fr\/wp-json\/wp\/v2\/product"}],"about":[{"href":"https:\/\/victoryposter.com\/fr\/wp-json\/wp\/v2\/types\/product"}],"replies":[{"embeddable":true,"href":"https:\/\/victoryposter.com\/fr\/wp-json\/wp\/v2\/comments?post=54060"}],"wp:featuredmedia":[{"embeddable":true,"href":"https:\/\/victoryposter.com\/fr\/wp-json\/wp\/v2\/media\/54416"}],"wp:attachment":[{"href":"https:\/\/victoryposter.com\/fr\/wp-json\/wp\/v2\/media?parent=54060"}],"wp:term":[{"taxonomy":"product_brand","embeddable":true,"href":"https:\/\/victoryposter.com\/fr\/wp-json\/wp\/v2\/product_brand?post=54060"},{"taxonomy":"product_cat","embeddable":true,"href":"https:\/\/victoryposter.com\/fr\/wp-json\/wp\/v2\/product_cat?post=54060"},{"taxonomy":"product_tag","embeddable":true,"href":"https:\/\/victoryposter.com\/fr\/wp-json\/wp\/v2\/product_tag?post=54060"}],"curies":[{"name":"wp","href":"https:\/\/api.w.org\/{rel}","templated":true}]}}