{"id":53507,"date":"2022-04-14T09:30:28","date_gmt":"2022-04-14T07:30:28","guid":{"rendered":"https:\/\/victoryposter.com\/product\/zandvoort-circuit-run-10-em\/"},"modified":"2026-04-12T10:07:56","modified_gmt":"2026-04-12T08:07:56","slug":"zandvoort-circuit-run-10-em","status":"publish","type":"product","link":"https:\/\/victoryposter.com\/fr\/produit\/zandvoort-circuit-run-10-em\/","title":{"rendered":"Zandvoort Circuit Run (10 EM)"},"content":{"rendered":"<p><strong>Toujours le bon poster!<\/strong> Quelle que soit l\u2019\u00e9dition du <strong>Zandvoort Circuit Run \u2013 10 EM<\/strong>\u00a0\u00e0 laquelle vous avez particip\u00e9, chez\u00a0<strong>VictoryPoster<\/strong>\u00a0vous recevrez toujours le bon poster avec le parcours que vous avez r\u00e9ellement couru. En coulisses, nous travaillons avec des mod\u00e8les par ann\u00e9e\/\u00e9dition, ce qui nous permet d\u2019offrir cette garantie.<\/p>\n<p>N\u00e9erlandais: Circuit run \u2013 Zandvoort \u2013 Nederland<br \/>\nAnglais: Circuit run \u2013 Zandvoort \u2013 the Netherlands<br \/>\nAllemand: Circuit run \u2013 Zandvoort \u2013 die Niederlande<br \/>\nFran\u00e7ais: Circuit run \u2013 Zandvoort \u2013 les Pays-Bas<\/p>\n","protected":false},"excerpt":{"rendered":"<p>Toujours le bon poster! Quelle que soit l\u2019\u00e9dition du Zandvoort Circuit Run \u2013 10 EM\u00a0\u00e0 laquelle vous avez particip\u00e9, chez\u00a0VictoryPoster\u00a0vous recevrez toujours le bon poster avec le parcours que vous avez r\u00e9ellement couru. En [&hellip;]<\/p>\n","protected":false},"featured_media":38101,"comment_status":"closed","ping_status":"closed","template":"","meta":[],"product_brand":[],"product_cat":[772,720],"product_tag":[739],"class_list":{"0":"post-53507","1":"product","2":"type-product","3":"status-publish","4":"has-post-thumbnail","6":"product_cat-1-quart-marathon-10-km-10-em-fr","7":"product_cat-running-fr","8":"product_tag-les-pays-bas","10":"first","11":"instock","12":"taxable","13":"shipping-taxable","14":"purchasable","15":"product-type-variable"},"_links":{"self":[{"href":"https:\/\/victoryposter.com\/fr\/wp-json\/wp\/v2\/product\/53507","targetHints":{"allow":["GET"]}}],"collection":[{"href":"https:\/\/victoryposter.com\/fr\/wp-json\/wp\/v2\/product"}],"about":[{"href":"https:\/\/victoryposter.com\/fr\/wp-json\/wp\/v2\/types\/product"}],"replies":[{"embeddable":true,"href":"https:\/\/victoryposter.com\/fr\/wp-json\/wp\/v2\/comments?post=53507"}],"wp:featuredmedia":[{"embeddable":true,"href":"https:\/\/victoryposter.com\/fr\/wp-json\/wp\/v2\/media\/38101"}],"wp:attachment":[{"href":"https:\/\/victoryposter.com\/fr\/wp-json\/wp\/v2\/media?parent=53507"}],"wp:term":[{"taxonomy":"product_brand","embeddable":true,"href":"https:\/\/victoryposter.com\/fr\/wp-json\/wp\/v2\/product_brand?post=53507"},{"taxonomy":"product_cat","embeddable":true,"href":"https:\/\/victoryposter.com\/fr\/wp-json\/wp\/v2\/product_cat?post=53507"},{"taxonomy":"product_tag","embeddable":true,"href":"https:\/\/victoryposter.com\/fr\/wp-json\/wp\/v2\/product_tag?post=53507"}],"curies":[{"name":"wp","href":"https:\/\/api.w.org\/{rel}","templated":true}]}}