{"id":52904,"date":"2022-08-26T14:36:44","date_gmt":"2022-08-26T12:36:44","guid":{"rendered":"https:\/\/victoryposter.com\/product\/ironman-jonkoping-70-3\/"},"modified":"2026-04-04T19:13:14","modified_gmt":"2026-04-04T17:13:14","slug":"ironman-jonkoping-70-3","status":"publish","type":"product","link":"https:\/\/victoryposter.com\/fr\/produit\/ironman-jonkoping-70-3\/","title":{"rendered":"IronMan J\u00f6nk\u00f6ping 70.3"},"content":{"rendered":"<p><strong>Toujours le bon poster!<\/strong>\u00a0Quelle que soit l\u2019\u00e9dition du\u00a0<strong>IronMan J\u00f6nk\u00f6ping 70.3<\/strong>\u00a0\u00e0 laquelle vous avez particip\u00e9, chez\u00a0<strong>VictoryPoster<\/strong>\u00a0vous recevrez toujours le bon poster avec le parcours que vous avez r\u00e9ellement couru. En coulisses, nous travaillons avec des mod\u00e8les par ann\u00e9e\/\u00e9dition, ce qui nous permet d\u2019offrir cette garantie.<\/p>\n","protected":false},"excerpt":{"rendered":"<p>Toujours le bon poster!\u00a0Quelle que soit l\u2019\u00e9dition du\u00a0IronMan J\u00f6nk\u00f6ping 70.3\u00a0\u00e0 laquelle vous avez particip\u00e9, chez\u00a0VictoryPoster\u00a0vous recevrez toujours le bon poster avec le parcours que vous avez r\u00e9ellement couru. En coulisses, nous travaillons avec des [&hellip;]<\/p>\n","protected":false},"featured_media":41797,"comment_status":"closed","ping_status":"closed","template":"","meta":[],"product_brand":[],"product_cat":[782,779],"product_tag":[754,1202],"class_list":{"0":"post-52904","1":"product","2":"type-product","3":"status-publish","4":"has-post-thumbnail","6":"product_cat-3-70-3-distance-semi","7":"product_cat-triathlon-fr","8":"product_tag-suede","9":"product_tag-triathlon-se","11":"first","12":"instock","13":"taxable","14":"shipping-taxable","15":"purchasable","16":"product-type-variable"},"_links":{"self":[{"href":"https:\/\/victoryposter.com\/fr\/wp-json\/wp\/v2\/product\/52904","targetHints":{"allow":["GET"]}}],"collection":[{"href":"https:\/\/victoryposter.com\/fr\/wp-json\/wp\/v2\/product"}],"about":[{"href":"https:\/\/victoryposter.com\/fr\/wp-json\/wp\/v2\/types\/product"}],"replies":[{"embeddable":true,"href":"https:\/\/victoryposter.com\/fr\/wp-json\/wp\/v2\/comments?post=52904"}],"wp:featuredmedia":[{"embeddable":true,"href":"https:\/\/victoryposter.com\/fr\/wp-json\/wp\/v2\/media\/41797"}],"wp:attachment":[{"href":"https:\/\/victoryposter.com\/fr\/wp-json\/wp\/v2\/media?parent=52904"}],"wp:term":[{"taxonomy":"product_brand","embeddable":true,"href":"https:\/\/victoryposter.com\/fr\/wp-json\/wp\/v2\/product_brand?post=52904"},{"taxonomy":"product_cat","embeddable":true,"href":"https:\/\/victoryposter.com\/fr\/wp-json\/wp\/v2\/product_cat?post=52904"},{"taxonomy":"product_tag","embeddable":true,"href":"https:\/\/victoryposter.com\/fr\/wp-json\/wp\/v2\/product_tag?post=52904"}],"curies":[{"name":"wp","href":"https:\/\/api.w.org\/{rel}","templated":true}]}}