{"id":39335,"date":"2023-04-13T09:44:59","date_gmt":"2023-04-13T07:44:59","guid":{"rendered":"https:\/\/www.zegepraal.nl\/product\/parijs-roubaix-challenge-145-km\/"},"modified":"2026-04-11T08:35:53","modified_gmt":"2026-04-11T06:35:53","slug":"parijs-roubaix-challenge-145-km","status":"publish","type":"product","link":"https:\/\/victoryposter.com\/fr\/produit\/parijs-roubaix-challenge-145-km\/","title":{"rendered":"Paris-Roubaix &#8211; Challenge 145 KM"},"content":{"rendered":"<p><strong>Toujours le bon poster!<\/strong> Quelle que soit l\u2019\u00e9dition du <strong>Paris-Roubaix &#8211; Challenge 145 KM<\/strong>\u00a0\u00e0 laquelle vous avez particip\u00e9, chez\u00a0<strong>VictoryPoster<\/strong>\u00a0vous recevrez toujours le bon poster avec le parcours que vous avez r\u00e9ellement couru. En coulisses, nous travaillons avec des mod\u00e8les par ann\u00e9e\/\u00e9dition, ce qui nous permet d\u2019offrir cette garantie.<\/p>\n<p>N\u00e9erlandais: Parijs-Roubaix &#8211; Hel van het Noorden<br \/>\nAnglais: Paris-Roubaix &#8211; Hell of the North<br \/>\nAllemand: Paris-Roubaix &#8211; Compi\u00e8gne &#8211; Roubaix<br \/>\nFran\u00e7ais: Paris-Roubaix &#8211; l&#8217;Enfer du Nord<\/p>\n<p>Paris-Roubaix est l&#8217;une des cinq &#8216;classiques&#8217; du cyclisme : ces courses sont g\u00e9n\u00e9ralement consid\u00e9r\u00e9es comme les plus prestigieuses. Ce sont des courses d&#8217;un jour \u00e0 l&#8217;histoire riche qui permettent (aux coureurs d&#8217;\u00e9lite) de remporter le plus de points au classement du World Tour.<\/p>\n","protected":false},"excerpt":{"rendered":"<p>Toujours le bon poster! Quelle que soit l\u2019\u00e9dition du Paris-Roubaix &#8211; Challenge 145 KM\u00a0\u00e0 laquelle vous avez particip\u00e9, chez\u00a0VictoryPoster\u00a0vous recevrez toujours le bon poster avec le parcours que vous avez r\u00e9ellement couru. En coulisses, [&hellip;]<\/p>\n","protected":false},"featured_media":53452,"comment_status":"closed","ping_status":"closed","template":"","meta":[],"product_brand":[],"product_cat":[776,793],"product_tag":[733],"class_list":{"0":"post-39335","1":"product","2":"type-product","3":"status-publish","4":"has-post-thumbnail","6":"product_cat-2-tours-cyclo","7":"product_cat-france-fr-2","8":"product_tag-france","10":"first","11":"instock","12":"taxable","13":"shipping-taxable","14":"purchasable","15":"product-type-variable"},"_links":{"self":[{"href":"https:\/\/victoryposter.com\/fr\/wp-json\/wp\/v2\/product\/39335","targetHints":{"allow":["GET"]}}],"collection":[{"href":"https:\/\/victoryposter.com\/fr\/wp-json\/wp\/v2\/product"}],"about":[{"href":"https:\/\/victoryposter.com\/fr\/wp-json\/wp\/v2\/types\/product"}],"replies":[{"embeddable":true,"href":"https:\/\/victoryposter.com\/fr\/wp-json\/wp\/v2\/comments?post=39335"}],"wp:featuredmedia":[{"embeddable":true,"href":"https:\/\/victoryposter.com\/fr\/wp-json\/wp\/v2\/media\/53452"}],"wp:attachment":[{"href":"https:\/\/victoryposter.com\/fr\/wp-json\/wp\/v2\/media?parent=39335"}],"wp:term":[{"taxonomy":"product_brand","embeddable":true,"href":"https:\/\/victoryposter.com\/fr\/wp-json\/wp\/v2\/product_brand?post=39335"},{"taxonomy":"product_cat","embeddable":true,"href":"https:\/\/victoryposter.com\/fr\/wp-json\/wp\/v2\/product_cat?post=39335"},{"taxonomy":"product_tag","embeddable":true,"href":"https:\/\/victoryposter.com\/fr\/wp-json\/wp\/v2\/product_tag?post=39335"}],"curies":[{"name":"wp","href":"https:\/\/api.w.org\/{rel}","templated":true}]}}