{"id":38931,"date":"2022-04-29T13:26:36","date_gmt":"2022-04-29T11:26:36","guid":{"rendered":"https:\/\/www.zegepraal.nl\/product\/marathon-zeeuws-vlaanderen\/"},"modified":"2026-04-10T16:37:24","modified_gmt":"2026-04-10T14:37:24","slug":"marathon-zeeuws-vlaanderen","status":"publish","type":"product","link":"https:\/\/victoryposter.com\/fr\/produit\/marathon-zeeuws-vlaanderen\/","title":{"rendered":"Marathon Zeeuws-Vlaanderen"},"content":{"rendered":"<p><strong>Toujours le bon poster!<\/strong>\u00a0Quelle que soit l\u2019\u00e9dition du\u00a0<strong>Marathon Zeeuws-Vlaanderen<\/strong>\u00a0\u00e0 laquelle vous avez particip\u00e9, chez\u00a0<strong>VictoryPoster<\/strong>\u00a0vous recevrez toujours le bon poster avec le parcours que vous avez r\u00e9ellement couru. En coulisses, nous travaillons avec des mod\u00e8les par ann\u00e9e\/\u00e9dition, ce qui nous permet d\u2019offrir cette garantie.<\/p>\n<p>Nederlands: Marathon \u2013 Zeeuws-Vlaanderen \u2013 Nederland<br \/>\nEngels: Marathon \u2013 Zeeuws-Vlaanderen \u2013 the Netherlands<br \/>\nDuits: Marathon \u2013 Zeeuws-Vlaanderen \u2013 die Niederlande<br \/>\nFrans: Marathon \u2013 Zeeuws-Vlaanderen \u2013 les Pays-Bas<\/p>\n<p>Marathon Zeeuws-Vlaanderen (Hulst-Terneuzen) \/ (Terneuzen-Hulst)<\/p>\n","protected":false},"excerpt":{"rendered":"<p>Toujours le bon poster!\u00a0Quelle que soit l\u2019\u00e9dition du\u00a0Marathon Zeeuws-Vlaanderen\u00a0\u00e0 laquelle vous avez particip\u00e9, chez\u00a0VictoryPoster\u00a0vous recevrez toujours le bon poster avec le parcours que vous avez r\u00e9ellement couru. En coulisses, nous travaillons avec des mod\u00e8les [&hellip;]<\/p>\n","protected":false},"featured_media":53289,"comment_status":"closed","ping_status":"closed","template":"","meta":[],"product_brand":[],"product_cat":[732,720],"product_tag":[739,808],"class_list":{"0":"post-38931","1":"product","2":"type-product","3":"status-publish","4":"has-post-thumbnail","6":"product_cat-3-marathon-incl-ultra-fr","7":"product_cat-running-fr","8":"product_tag-les-pays-bas","9":"product_tag-marathon-les-pays-bas","11":"first","12":"instock","13":"taxable","14":"shipping-taxable","15":"purchasable","16":"product-type-variable"},"_links":{"self":[{"href":"https:\/\/victoryposter.com\/fr\/wp-json\/wp\/v2\/product\/38931","targetHints":{"allow":["GET"]}}],"collection":[{"href":"https:\/\/victoryposter.com\/fr\/wp-json\/wp\/v2\/product"}],"about":[{"href":"https:\/\/victoryposter.com\/fr\/wp-json\/wp\/v2\/types\/product"}],"replies":[{"embeddable":true,"href":"https:\/\/victoryposter.com\/fr\/wp-json\/wp\/v2\/comments?post=38931"}],"wp:featuredmedia":[{"embeddable":true,"href":"https:\/\/victoryposter.com\/fr\/wp-json\/wp\/v2\/media\/53289"}],"wp:attachment":[{"href":"https:\/\/victoryposter.com\/fr\/wp-json\/wp\/v2\/media?parent=38931"}],"wp:term":[{"taxonomy":"product_brand","embeddable":true,"href":"https:\/\/victoryposter.com\/fr\/wp-json\/wp\/v2\/product_brand?post=38931"},{"taxonomy":"product_cat","embeddable":true,"href":"https:\/\/victoryposter.com\/fr\/wp-json\/wp\/v2\/product_cat?post=38931"},{"taxonomy":"product_tag","embeddable":true,"href":"https:\/\/victoryposter.com\/fr\/wp-json\/wp\/v2\/product_tag?post=38931"}],"curies":[{"name":"wp","href":"https:\/\/api.w.org\/{rel}","templated":true}]}}