{"id":38909,"date":"2021-07-07T13:48:37","date_gmt":"2021-07-07T11:48:37","guid":{"rendered":"https:\/\/www.zegepraal.nl\/product\/marathon-parijs\/"},"modified":"2026-03-25T09:27:45","modified_gmt":"2026-03-25T08:27:45","slug":"marathon-parijs","status":"publish","type":"product","link":"https:\/\/victoryposter.com\/fr\/produit\/marathon-parijs\/","title":{"rendered":"Marathon Paris"},"content":{"rendered":"<p><strong>Toujours le bon poster!<\/strong> Quelle que soit l\u2019\u00e9dition du\u00a0<strong>Marathon Paris<\/strong>\u00a0\u00e0 laquelle vous avez particip\u00e9, chez\u00a0<strong>VictoryPoster<\/strong>\u00a0vous recevrez toujours le bon poster avec le parcours que vous avez r\u00e9ellement couru. En coulisses, nous travaillons avec des mod\u00e8les par ann\u00e9e\/\u00e9dition, ce qui nous permet d\u2019offrir cette garantie.<\/p>\n<p>N\u00e9erlandais: Marathon \u2013 Parijs \u2013 Frankrijk<br \/>\nAnglais: Marathon \u2013 Paris \u2013 France<br \/>\nAllemond: Marathon \u2013 Paris \u2013 Frankreich<br \/>\nFran\u00e7ais: Marathon \u2013 Paris \u2013 France<\/p>\n","protected":false},"excerpt":{"rendered":"<p>Toujours le bon poster! Quelle que soit l\u2019\u00e9dition du\u00a0Marathon Paris\u00a0\u00e0 laquelle vous avez particip\u00e9, chez\u00a0VictoryPoster\u00a0vous recevrez toujours le bon poster avec le parcours que vous avez r\u00e9ellement couru. En coulisses, nous travaillons avec des [&hellip;]<\/p>\n","protected":false},"featured_media":51610,"comment_status":"closed","ping_status":"closed","template":"","meta":[],"product_brand":[],"product_cat":[732,720],"product_tag":[733,820],"class_list":{"0":"post-38909","1":"product","2":"type-product","3":"status-publish","4":"has-post-thumbnail","6":"product_cat-3-marathon-incl-ultra-fr","7":"product_cat-running-fr","8":"product_tag-france","9":"product_tag-marathon-fr-fr","11":"first","12":"instock","13":"taxable","14":"shipping-taxable","15":"purchasable","16":"product-type-variable"},"_links":{"self":[{"href":"https:\/\/victoryposter.com\/fr\/wp-json\/wp\/v2\/product\/38909","targetHints":{"allow":["GET"]}}],"collection":[{"href":"https:\/\/victoryposter.com\/fr\/wp-json\/wp\/v2\/product"}],"about":[{"href":"https:\/\/victoryposter.com\/fr\/wp-json\/wp\/v2\/types\/product"}],"replies":[{"embeddable":true,"href":"https:\/\/victoryposter.com\/fr\/wp-json\/wp\/v2\/comments?post=38909"}],"wp:featuredmedia":[{"embeddable":true,"href":"https:\/\/victoryposter.com\/fr\/wp-json\/wp\/v2\/media\/51610"}],"wp:attachment":[{"href":"https:\/\/victoryposter.com\/fr\/wp-json\/wp\/v2\/media?parent=38909"}],"wp:term":[{"taxonomy":"product_brand","embeddable":true,"href":"https:\/\/victoryposter.com\/fr\/wp-json\/wp\/v2\/product_brand?post=38909"},{"taxonomy":"product_cat","embeddable":true,"href":"https:\/\/victoryposter.com\/fr\/wp-json\/wp\/v2\/product_cat?post=38909"},{"taxonomy":"product_tag","embeddable":true,"href":"https:\/\/victoryposter.com\/fr\/wp-json\/wp\/v2\/product_tag?post=38909"}],"curies":[{"name":"wp","href":"https:\/\/api.w.org\/{rel}","templated":true}]}}