{"id":38323,"date":"2024-04-11T20:32:41","date_gmt":"2024-04-11T18:32:41","guid":{"rendered":"https:\/\/www.zegepraal.nl\/product\/marathon-milaan\/"},"modified":"2026-04-11T08:36:07","modified_gmt":"2026-04-11T06:36:07","slug":"marathon-milaan","status":"publish","type":"product","link":"https:\/\/victoryposter.com\/fr\/produit\/marathon-milaan\/","title":{"rendered":"Marathon Milan"},"content":{"rendered":"<p><strong>Toujours le bon poster!<\/strong>\u00a0Quelle que soit l\u2019\u00e9dition du\u00a0<strong>Marathon Milan<\/strong>\u00a0\u00e0 laquelle vous avez particip\u00e9, chez\u00a0<strong>VictoryPoster<\/strong>\u00a0vous recevrez toujours le bon poster avec le parcours que vous avez r\u00e9ellement couru. En coulisses, nous travaillons avec des mod\u00e8les par ann\u00e9e\/\u00e9dition, ce qui nous permet d\u2019offrir cette garantie.<\/p>\n<p>N\u00e9erlandais: Marathon \u2013 Milaan \u2013 Itali\u00eb<br \/>\nAnglais: Marathon \u2013 Milan \u2013 Italy<br \/>\nAllemand: Marathon \u2013 Mailand \u2013 Italien<br \/>\nFran\u00e7ais: Marathon \u2013 Milan \u2013 Italie<\/p>\n","protected":false},"excerpt":{"rendered":"<p>Toujours le bon poster!\u00a0Quelle que soit l\u2019\u00e9dition du\u00a0Marathon Milan\u00a0\u00e0 laquelle vous avez particip\u00e9, chez\u00a0VictoryPoster\u00a0vous recevrez toujours le bon poster avec le parcours que vous avez r\u00e9ellement couru. En coulisses, nous travaillons avec des mod\u00e8les [&hellip;]<\/p>\n","protected":false},"featured_media":53942,"comment_status":"closed","ping_status":"closed","template":"","meta":[],"product_brand":[],"product_cat":[732,720],"product_tag":[747,818],"class_list":{"0":"post-38323","1":"product","2":"type-product","3":"status-publish","4":"has-post-thumbnail","6":"product_cat-3-marathon-incl-ultra-fr","7":"product_cat-running-fr","8":"product_tag-italie","9":"product_tag-marathon-italie","11":"first","12":"instock","13":"taxable","14":"shipping-taxable","15":"purchasable","16":"product-type-variable"},"_links":{"self":[{"href":"https:\/\/victoryposter.com\/fr\/wp-json\/wp\/v2\/product\/38323","targetHints":{"allow":["GET"]}}],"collection":[{"href":"https:\/\/victoryposter.com\/fr\/wp-json\/wp\/v2\/product"}],"about":[{"href":"https:\/\/victoryposter.com\/fr\/wp-json\/wp\/v2\/types\/product"}],"replies":[{"embeddable":true,"href":"https:\/\/victoryposter.com\/fr\/wp-json\/wp\/v2\/comments?post=38323"}],"wp:featuredmedia":[{"embeddable":true,"href":"https:\/\/victoryposter.com\/fr\/wp-json\/wp\/v2\/media\/53942"}],"wp:attachment":[{"href":"https:\/\/victoryposter.com\/fr\/wp-json\/wp\/v2\/media?parent=38323"}],"wp:term":[{"taxonomy":"product_brand","embeddable":true,"href":"https:\/\/victoryposter.com\/fr\/wp-json\/wp\/v2\/product_brand?post=38323"},{"taxonomy":"product_cat","embeddable":true,"href":"https:\/\/victoryposter.com\/fr\/wp-json\/wp\/v2\/product_cat?post=38323"},{"taxonomy":"product_tag","embeddable":true,"href":"https:\/\/victoryposter.com\/fr\/wp-json\/wp\/v2\/product_tag?post=38323"}],"curies":[{"name":"wp","href":"https:\/\/api.w.org\/{rel}","templated":true}]}}