{"id":36992,"date":"2021-08-08T15:03:38","date_gmt":"2021-08-08T13:03:38","guid":{"rendered":"https:\/\/www.zegepraal.nl\/product\/halve-marathon-gent\/"},"modified":"2026-03-25T09:01:29","modified_gmt":"2026-03-25T08:01:29","slug":"halve-marathon-gent","status":"publish","type":"product","link":"https:\/\/victoryposter.com\/fr\/produit\/halve-marathon-gent\/","title":{"rendered":"Semi Marathon Gand"},"content":{"rendered":"<p><strong>Toujours le bon poster!<\/strong> Quelle que soit l\u2019\u00e9dition du\u00a0<strong>Semi Marathon Gand<\/strong>\u00a0\u00e0 laquelle vous avez particip\u00e9, chez\u00a0<strong>VictoryPoster<\/strong>\u00a0vous recevrez toujours le bon poster avec le parcours que vous avez r\u00e9ellement couru. En coulisses, nous travaillons avec des mod\u00e8les par ann\u00e9e\/\u00e9dition, ce qui nous permet d\u2019offrir cette garantie.<\/p>\n<p>N\u00e9erlandais: Halve Marathon \u2013 Gent \u2013 Belgi\u00eb<br \/>\nAnglais: Half Marathon \u2013 Ghent \u2013 Belgium<br \/>\nAllemand: Halbmarathon \u2013 Gent \u2013 Belgien<br \/>\nFran\u00e7ais: Semi Marathon \u2013 Gand \u2013 Belgique<\/p>\n<p>Sofico Gent Marathon<\/p>\n","protected":false},"excerpt":{"rendered":"<p>Toujours le bon poster! Quelle que soit l\u2019\u00e9dition du\u00a0Semi Marathon Gand\u00a0\u00e0 laquelle vous avez particip\u00e9, chez\u00a0VictoryPoster\u00a0vous recevrez toujours le bon poster avec le parcours que vous avez r\u00e9ellement couru. En coulisses, nous travaillons avec [&hellip;]<\/p>\n","protected":false},"featured_media":51815,"comment_status":"closed","ping_status":"closed","template":"","meta":[],"product_brand":[],"product_cat":[721,720],"product_tag":[735,736],"class_list":{"0":"post-36992","1":"product","2":"type-product","3":"status-publish","4":"has-post-thumbnail","6":"product_cat-2-semi-marathon","7":"product_cat-running-fr","8":"product_tag-belgique","9":"product_tag-semi-marathon-belgique","11":"first","12":"instock","13":"taxable","14":"shipping-taxable","15":"purchasable","16":"product-type-variable"},"_links":{"self":[{"href":"https:\/\/victoryposter.com\/fr\/wp-json\/wp\/v2\/product\/36992","targetHints":{"allow":["GET"]}}],"collection":[{"href":"https:\/\/victoryposter.com\/fr\/wp-json\/wp\/v2\/product"}],"about":[{"href":"https:\/\/victoryposter.com\/fr\/wp-json\/wp\/v2\/types\/product"}],"replies":[{"embeddable":true,"href":"https:\/\/victoryposter.com\/fr\/wp-json\/wp\/v2\/comments?post=36992"}],"wp:featuredmedia":[{"embeddable":true,"href":"https:\/\/victoryposter.com\/fr\/wp-json\/wp\/v2\/media\/51815"}],"wp:attachment":[{"href":"https:\/\/victoryposter.com\/fr\/wp-json\/wp\/v2\/media?parent=36992"}],"wp:term":[{"taxonomy":"product_brand","embeddable":true,"href":"https:\/\/victoryposter.com\/fr\/wp-json\/wp\/v2\/product_brand?post=36992"},{"taxonomy":"product_cat","embeddable":true,"href":"https:\/\/victoryposter.com\/fr\/wp-json\/wp\/v2\/product_cat?post=36992"},{"taxonomy":"product_tag","embeddable":true,"href":"https:\/\/victoryposter.com\/fr\/wp-json\/wp\/v2\/product_tag?post=36992"}],"curies":[{"name":"wp","href":"https:\/\/api.w.org\/{rel}","templated":true}]}}