{"id":36591,"date":"2022-10-17T18:37:37","date_gmt":"2022-10-17T16:37:37","guid":{"rendered":"https:\/\/www.zegepraal.nl\/product\/halve-marathon-neurenberg-nurnberg\/"},"modified":"2026-04-04T10:24:38","modified_gmt":"2026-04-04T08:24:38","slug":"halve-marathon-neurenberg-nurnberg","status":"publish","type":"product","link":"https:\/\/victoryposter.com\/fr\/produit\/halve-marathon-neurenberg-nurnberg\/","title":{"rendered":"Semi Marathon Nuremberg"},"content":{"rendered":"<p><strong>Toujours le bon poster!<\/strong>\u00a0Quelle que soit l\u2019\u00e9dition du\u00a0<strong>Semi Marathon Nuremberg<\/strong>\u00a0\u00e0 laquelle vous avez particip\u00e9, chez\u00a0<strong>VictoryPoster<\/strong>\u00a0vous recevrez toujours le bon poster avec le parcours que vous avez r\u00e9ellement couru. En coulisses, nous travaillons avec des mod\u00e8les par ann\u00e9e\/\u00e9dition, ce qui nous permet d\u2019offrir cette garantie.<\/p>\n<p>N\u00e9erlandais: Halve marathon &#8211; Neurenberg &#8211; Duitsland<br \/>\nAnglais: Half Marathon &#8211; Nuremberg &#8211; Germany<br \/>\nAllemond: Halbmarathon &#8211; N\u00fcrnberg &#8211; Deutschland<br \/>\nFran\u00e7ais: Semi Marathon &#8211; Nuremberg &#8211; Allemagne<\/p>\n","protected":false},"excerpt":{"rendered":"<p>Toujours le bon poster!\u00a0Quelle que soit l\u2019\u00e9dition du\u00a0Semi Marathon Nuremberg\u00a0\u00e0 laquelle vous avez particip\u00e9, chez\u00a0VictoryPoster\u00a0vous recevrez toujours le bon poster avec le parcours que vous avez r\u00e9ellement couru. En coulisses, nous travaillons avec des [&hellip;]<\/p>\n","protected":false},"featured_media":36594,"comment_status":"closed","ping_status":"closed","template":"","meta":[],"product_brand":[],"product_cat":[721,720],"product_tag":[722,723],"class_list":{"0":"post-36591","1":"product","2":"type-product","3":"status-publish","4":"has-post-thumbnail","6":"product_cat-2-semi-marathon","7":"product_cat-running-fr","8":"product_tag-allemagne","9":"product_tag-semi-marathon-allemagne","11":"first","12":"instock","13":"taxable","14":"shipping-taxable","15":"purchasable","16":"product-type-variable"},"_links":{"self":[{"href":"https:\/\/victoryposter.com\/fr\/wp-json\/wp\/v2\/product\/36591","targetHints":{"allow":["GET"]}}],"collection":[{"href":"https:\/\/victoryposter.com\/fr\/wp-json\/wp\/v2\/product"}],"about":[{"href":"https:\/\/victoryposter.com\/fr\/wp-json\/wp\/v2\/types\/product"}],"replies":[{"embeddable":true,"href":"https:\/\/victoryposter.com\/fr\/wp-json\/wp\/v2\/comments?post=36591"}],"wp:featuredmedia":[{"embeddable":true,"href":"https:\/\/victoryposter.com\/fr\/wp-json\/wp\/v2\/media\/36594"}],"wp:attachment":[{"href":"https:\/\/victoryposter.com\/fr\/wp-json\/wp\/v2\/media?parent=36591"}],"wp:term":[{"taxonomy":"product_brand","embeddable":true,"href":"https:\/\/victoryposter.com\/fr\/wp-json\/wp\/v2\/product_brand?post=36591"},{"taxonomy":"product_cat","embeddable":true,"href":"https:\/\/victoryposter.com\/fr\/wp-json\/wp\/v2\/product_cat?post=36591"},{"taxonomy":"product_tag","embeddable":true,"href":"https:\/\/victoryposter.com\/fr\/wp-json\/wp\/v2\/product_tag?post=36591"}],"curies":[{"name":"wp","href":"https:\/\/api.w.org\/{rel}","templated":true}]}}