{"id":10196,"date":"2022-11-14T19:34:37","date_gmt":"2022-11-14T18:34:37","guid":{"rendered":"https:\/\/www.zegepraal.nl\/?post_type=product&#038;p=10196"},"modified":"2026-04-12T14:14:51","modified_gmt":"2026-04-12T12:14:51","slug":"chtriman-226","status":"publish","type":"product","link":"https:\/\/victoryposter.com\/fr\/produit\/chtriman-226\/","title":{"rendered":"Ch&#8217;TriMan 226"},"content":{"rendered":"<p><strong>Toujours le bon poster!<\/strong>\u00a0Quelle que soit l\u2019\u00e9dition du\u00a0<strong>Ch&#8217;TriMan 226<\/strong>\u00a0\u00e0 laquelle vous avez particip\u00e9, chez\u00a0<strong>VictoryPoster<\/strong>\u00a0vous recevrez toujours le bon poster avec le parcours que vous avez r\u00e9ellement couru. En coulisses, nous travaillons avec des mod\u00e8les par ann\u00e9e\/\u00e9dition, ce qui nous permet d\u2019offrir cette garantie.<\/p>\n","protected":false},"excerpt":{"rendered":"<p>Toujours le bon poster!\u00a0Quelle que soit l\u2019\u00e9dition du\u00a0Ch&#8217;TriMan 226\u00a0\u00e0 laquelle vous avez particip\u00e9, chez\u00a0VictoryPoster\u00a0vous recevrez toujours le bon poster avec le parcours que vous avez r\u00e9ellement couru. En coulisses, nous travaillons avec des mod\u00e8les [&hellip;]<\/p>\n","protected":false},"featured_media":23374,"comment_status":"closed","ping_status":"closed","template":"","meta":[],"product_brand":[],"product_cat":[140,110],"product_tag":[368,449],"class_list":{"0":"post-10196","1":"product","2":"type-product","3":"status-publish","4":"has-post-thumbnail","6":"product_cat-4-140-6-hele","7":"product_cat-triathlon","8":"product_tag-frankrijk","9":"product_tag-triathlon-fr","11":"first","12":"instock","13":"taxable","14":"shipping-taxable","15":"purchasable","16":"product-type-variable"},"_links":{"self":[{"href":"https:\/\/victoryposter.com\/fr\/wp-json\/wp\/v2\/product\/10196","targetHints":{"allow":["GET"]}}],"collection":[{"href":"https:\/\/victoryposter.com\/fr\/wp-json\/wp\/v2\/product"}],"about":[{"href":"https:\/\/victoryposter.com\/fr\/wp-json\/wp\/v2\/types\/product"}],"replies":[{"embeddable":true,"href":"https:\/\/victoryposter.com\/fr\/wp-json\/wp\/v2\/comments?post=10196"}],"wp:featuredmedia":[{"embeddable":true,"href":"https:\/\/victoryposter.com\/fr\/wp-json\/wp\/v2\/media\/23374"}],"wp:attachment":[{"href":"https:\/\/victoryposter.com\/fr\/wp-json\/wp\/v2\/media?parent=10196"}],"wp:term":[{"taxonomy":"product_brand","embeddable":true,"href":"https:\/\/victoryposter.com\/fr\/wp-json\/wp\/v2\/product_brand?post=10196"},{"taxonomy":"product_cat","embeddable":true,"href":"https:\/\/victoryposter.com\/fr\/wp-json\/wp\/v2\/product_cat?post=10196"},{"taxonomy":"product_tag","embeddable":true,"href":"https:\/\/victoryposter.com\/fr\/wp-json\/wp\/v2\/product_tag?post=10196"}],"curies":[{"name":"wp","href":"https:\/\/api.w.org\/{rel}","templated":true}]}}